{"id":85,"date":"2024-06-02T08:16:59","date_gmt":"2024-06-02T11:16:59","guid":{"rendered":"https:\/\/radiomundial.com.br\/?page_id=85"},"modified":"2026-04-21T15:04:25","modified_gmt":"2026-04-21T18:04:25","slug":"contato","status":"publish","type":"page","link":"https:\/\/multiplataforma.com.br\/?page_id=85","title":{"rendered":"Contato"},"content":{"rendered":"\n<p>\u00a9 MULTIPLATAFORMA \u00e9 um registro de SIBEMOL COMUNICA\u00c7\u00c3O LTDA | CNPJ 22.002.991\/0001-84.<br>Email: contato@sibemol.com.br<\/p>\n\n\n\n<p><br><br><br><br><br><br><br><br><br><br><br><br><br><br>&nbsp;<br><\/p>\n","protected":false},"excerpt":{"rendered":"<p>\u00a9 MULTIPLATAFORMA \u00e9 um registro de SIBEMOL COMUNICA\u00c7\u00c3O LTDA | CNPJ 22.002.991\/0001-84.Email: contato@sibemol.com.br &nbsp;<\/p>\n","protected":false},"author":1,"featured_media":0,"parent":0,"menu_order":0,"comment_status":"closed","ping_status":"closed","template":"","meta":{"footnotes":""},"class_list":["post-85","page","type-page","status-publish","hentry"],"_links":{"self":[{"href":"https:\/\/multiplataforma.com.br\/index.php?rest_route=\/wp\/v2\/pages\/85","targetHints":{"allow":["GET"]}}],"collection":[{"href":"https:\/\/multiplataforma.com.br\/index.php?rest_route=\/wp\/v2\/pages"}],"about":[{"href":"https:\/\/multiplataforma.com.br\/index.php?rest_route=\/wp\/v2\/types\/page"}],"author":[{"embeddable":true,"href":"https:\/\/multiplataforma.com.br\/index.php?rest_route=\/wp\/v2\/users\/1"}],"replies":[{"embeddable":true,"href":"https:\/\/multiplataforma.com.br\/index.php?rest_route=%2Fwp%2Fv2%2Fcomments&post=85"}],"version-history":[{"count":11,"href":"https:\/\/multiplataforma.com.br\/index.php?rest_route=\/wp\/v2\/pages\/85\/revisions"}],"predecessor-version":[{"id":1848,"href":"https:\/\/multiplataforma.com.br\/index.php?rest_route=\/wp\/v2\/pages\/85\/revisions\/1848"}],"wp:attachment":[{"href":"https:\/\/multiplataforma.com.br\/index.php?rest_route=%2Fwp%2Fv2%2Fmedia&parent=85"}],"curies":[{"name":"wp","href":"https:\/\/api.w.org\/{rel}","templated":true}]}}